{"id":89,"date":"2016-11-01T18:15:43","date_gmt":"2016-11-01T17:15:43","guid":{"rendered":"http:\/\/baurecht.ra-schmieder.de\/?page_id=89"},"modified":"2021-10-03T11:54:34","modified_gmt":"2021-10-03T09:54:34","slug":"kanzlei","status":"publish","type":"page","link":"https:\/\/ra-schmieder.de\/?page_id=89","title":{"rendered":"Kanzlei"},"content":{"rendered":"<div id=\"X3_1\" class=\"xdiv\">\n<div>\n<h3 align=\"left\"><\/h3>\n<h3><img loading=\"lazy\" class=\"wp-image-93 size-medium alignright\" src=\"https:\/\/i0.wp.com\/baurecht.ra-schmieder.de\/wp-content\/uploads\/2016\/11\/P4190129_500x666-225x300.jpg?resize=225%2C300\" alt=\"\" width=\"225\" height=\"300\" srcset=\"https:\/\/i0.wp.com\/ra-schmieder.de\/wp-content\/uploads\/2016\/11\/P4190129_500x666.jpg?resize=225%2C300&amp;ssl=1 225w, https:\/\/i0.wp.com\/ra-schmieder.de\/wp-content\/uploads\/2016\/11\/P4190129_500x666.jpg?w=500&amp;ssl=1 500w\" sizes=\"(max-width: 225px) 100vw, 225px\" data-recalc-dims=\"1\" \/><\/h3>\n<h3 align=\"left\"><span class=\"S2\">Sie finden uns im Zentrum von Spaichingen am <\/span><\/h3>\n<h3 align=\"left\"><span class=\"S2\">Marktplatz 6<br \/>\n<\/span><\/h3>\n<h3 align=\"left\"><span class=\"S2\">78549 Spaichingen<\/span><\/h3>\n<h3 align=\"left\"><span class=\"S2\">Telefon: 0 74 24 &#8211; 50 29 60<br \/>\nTelefax: 0 74 24 &#8211; 50 29 62<\/span><\/h3>\n<h3 align=\"left\"><span style=\"color: #007272;\"><a style=\"color: #007272;\" href=\"mailto:mail@ra-schmieder.de\" target=\"_blank\" rel=\"noopener\"><span class=\"S3\">mail @ ra-schmieder.de<\/span><\/a><\/span><\/h3>\n<\/div>\n<\/div>\n<div id=\"X3_1\" class=\"xdiv\" style=\"text-align: left;\">\n<div>\n<p align=\"left\"><span style=\"color: #000000;\">&nbsp;<\/span><\/p>\n<p><noframes>Ihr Browser kann den Falk <a href=\"http:\/\/www.falk.de\/routenplaner\" title=\"Routenplaner Falk\">Routenplaner<\/a> leider nicht anzeigen.<\/noframes><\/p>\n<p align=\"left\">Parkpl\u00e4tze finden Sie direkt vor dem Haus entlang der Sallancherstra\u00dfe (Parkscheibe bitte nicht vergessen!) oder gegen\u00fcber auf dem Parkplatz der Stadthalle.<\/p>\n<\/div>\n<p align=\"left\">Unsere Kanzlei im 2. Obergeschoss erreichen Sie barrierefrei.<\/p>\n<\/div>\n","protected":false},"excerpt":{"rendered":"<p class=\"excerpt\">Sie finden uns im Zentrum von Spaichingen am Marktplatz 6 78549 Spaichingen Telefon: 0 74 24 &#8211; 50 29 60 Telefax: 0 74 24 &#8211; 50 29 62 mail @ ra-schmieder.de &nbsp; Ihr Browser kann den Falk Routenplaner leider nicht anzeigen. Parkpl\u00e4tze finden Sie direkt vor dem Haus entlang der Sallancherstra\u00dfe (Parkscheibe bitte nicht vergessen!) oder gegen\u00fcber auf dem Parkplatz&hellip;<\/p>\n<p class=\"more-link-p\"><a class=\"btn btn-default\" href=\"https:\/\/ra-schmieder.de\/?page_id=89\">Read more<\/a><\/p>\n","protected":false},"author":1,"featured_media":0,"parent":0,"menu_order":0,"comment_status":"closed","ping_status":"closed","template":"","meta":[],"_links":{"self":[{"href":"https:\/\/ra-schmieder.de\/index.php?rest_route=\/wp\/v2\/pages\/89"}],"collection":[{"href":"https:\/\/ra-schmieder.de\/index.php?rest_route=\/wp\/v2\/pages"}],"about":[{"href":"https:\/\/ra-schmieder.de\/index.php?rest_route=\/wp\/v2\/types\/page"}],"author":[{"embeddable":true,"href":"https:\/\/ra-schmieder.de\/index.php?rest_route=\/wp\/v2\/users\/1"}],"replies":[{"embeddable":true,"href":"https:\/\/ra-schmieder.de\/index.php?rest_route=%2Fwp%2Fv2%2Fcomments&post=89"}],"version-history":[{"count":55,"href":"https:\/\/ra-schmieder.de\/index.php?rest_route=\/wp\/v2\/pages\/89\/revisions"}],"predecessor-version":[{"id":379,"href":"https:\/\/ra-schmieder.de\/index.php?rest_route=\/wp\/v2\/pages\/89\/revisions\/379"}],"wp:attachment":[{"href":"https:\/\/ra-schmieder.de\/index.php?rest_route=%2Fwp%2Fv2%2Fmedia&parent=89"}],"curies":[{"name":"wp","href":"https:\/\/api.w.org\/{rel}","templated":true}]}}