{"id":72,"date":"2016-11-01T18:07:01","date_gmt":"2016-11-01T17:07:01","guid":{"rendered":"http:\/\/baurecht.ra-schmieder.de\/?page_id=72"},"modified":"2021-10-03T12:02:16","modified_gmt":"2021-10-03T10:02:16","slug":"rechtsgebiete","status":"publish","type":"page","link":"https:\/\/ra-schmieder.de\/?page_id=72","title":{"rendered":"Rechtsgebiete"},"content":{"rendered":"<p style=\"text-align: justify;\"><span class=\"S5\">Die Ausrichtung der Kanzlei ist das Ergebnis der langj\u00e4hrigen T\u00e4tigkeit f\u00fcr mittelst\u00e4ndische Unternehmen, Handwerksbetriebe und Privatpersonen haupts\u00e4chlich im Bereich des Zivil- und Wirtschaftsrechtes. <\/span><\/p>\n<p style=\"text-align: justify;\"><span class=\"S5\">Dazu geh\u00f6ren sowohl die Durchsetzung von Anspr\u00fcchen in gerichtlichen Verfahren und der Zwangsvollstreckung als auch die rechtliche Gestaltung und die projektbegleitende Beratung.&nbsp; <\/span><\/p>\n<p style=\"text-align: justify;\"><span class=\"S5\">Ihr Kunde bezahlt nicht, das neue Auto f\u00e4hrt nicht wie es soll oder Ihr Vertragspartner l\u00e4\u00dft Sie einfach mitten in einem Projekt h\u00e4ngen?<br \/>\nWir helfen Ihnen.&nbsp; <\/span><\/p>\n<p style=\"text-align: justify;\"><span class=\"S5\">Sie haben Fragen zu einem Vertrag oder ben\u00f6tigen einen ma\u00dfgeschneiderten Vertrag?<br \/>\nWir beraten Sie.&nbsp; <\/span><\/p>\n<p style=\"text-align: justify;\"><span class=\"S5\">Sie hatten einen Verkehrsunfall?<br \/>\nWir helfen Ihnen bei der Durchsetzung all Ihrer Anspr\u00fcche.<\/span><\/p>\n","protected":false},"excerpt":{"rendered":"<p class=\"excerpt\">Die Ausrichtung der Kanzlei ist das Ergebnis der langj\u00e4hrigen T\u00e4tigkeit f\u00fcr mittelst\u00e4ndische Unternehmen, Handwerksbetriebe und Privatpersonen haupts\u00e4chlich im Bereich des Zivil- und Wirtschaftsrechtes. Dazu geh\u00f6ren sowohl die Durchsetzung von Anspr\u00fcchen in gerichtlichen Verfahren und der Zwangsvollstreckung als auch die rechtliche Gestaltung und die projektbegleitende Beratung.&nbsp; Ihr Kunde bezahlt nicht, das neue Auto f\u00e4hrt nicht wie es soll oder Ihr Vertragspartner&hellip;<\/p>\n<p class=\"more-link-p\"><a class=\"btn btn-default\" href=\"https:\/\/ra-schmieder.de\/?page_id=72\">Read more<\/a><\/p>\n","protected":false},"author":1,"featured_media":0,"parent":0,"menu_order":0,"comment_status":"closed","ping_status":"closed","template":"","meta":{"footnotes":""},"class_list":["post-72","page","type-page","status-publish","hentry"],"_links":{"self":[{"href":"https:\/\/ra-schmieder.de\/index.php?rest_route=\/wp\/v2\/pages\/72","targetHints":{"allow":["GET"]}}],"collection":[{"href":"https:\/\/ra-schmieder.de\/index.php?rest_route=\/wp\/v2\/pages"}],"about":[{"href":"https:\/\/ra-schmieder.de\/index.php?rest_route=\/wp\/v2\/types\/page"}],"author":[{"embeddable":true,"href":"https:\/\/ra-schmieder.de\/index.php?rest_route=\/wp\/v2\/users\/1"}],"replies":[{"embeddable":true,"href":"https:\/\/ra-schmieder.de\/index.php?rest_route=%2Fwp%2Fv2%2Fcomments&post=72"}],"version-history":[{"count":3,"href":"https:\/\/ra-schmieder.de\/index.php?rest_route=\/wp\/v2\/pages\/72\/revisions"}],"predecessor-version":[{"id":380,"href":"https:\/\/ra-schmieder.de\/index.php?rest_route=\/wp\/v2\/pages\/72\/revisions\/380"}],"wp:attachment":[{"href":"https:\/\/ra-schmieder.de\/index.php?rest_route=%2Fwp%2Fv2%2Fmedia&parent=72"}],"curies":[{"name":"wp","href":"https:\/\/api.w.org\/{rel}","templated":true}]}}