{"id":40,"date":"2016-11-01T14:47:08","date_gmt":"2016-11-01T13:47:08","guid":{"rendered":"http:\/\/baurecht.ra-schmieder.de\/?page_id=40"},"modified":"2021-10-03T12:04:19","modified_gmt":"2021-10-03T10:04:19","slug":"impressum","status":"publish","type":"page","link":"https:\/\/ra-schmieder.de\/?page_id=40","title":{"rendered":"Impressum"},"content":{"rendered":"<h5><span style=\"color: #007272;\">Angaben gem\u00e4\u00df \u00a7 5 TMG und \u00a7 55 Abs. 2 RStV<\/span><\/h5>\n<p>Pers\u00f6nlich verantwortlich f\u00fcr diese Homepage ist<br \/>\n<span style=\"color: #007272;\">Rechtsanwalt Karsten Schmieder<\/span><br \/>\nMarktplatz 6, 78549 Spaichingen<br \/>\nTel. 07424 \/ 502960<br \/>\nFax 07424 \/ 502962<br \/>\nE-Mail: <a href=\"mailto:mail@ra-schmieder.de\"><span style=\"color: #007272;\">mail@ra-schmieder.de<\/span><\/a><br \/>\nUSt ID Nr.:DE225432424<\/p>\n<h5 class=\"western\"><span style=\"color: #007272;\">Aufsichtsbeh\u00f6rde:<\/span><\/h5>\n<p style=\"text-align: justify;\">Rechtsanwalt Karsten Schmieder ist Mitglied der<br \/>\nRechtsanwaltskammer T\u00fcbingen<br \/>\nChristophstr. 30, 72072 T\u00fcbingen, Tel. 07071 \/ 7936910<\/p>\n<p style=\"text-align: justify;\">\nDie Berufsbezeichnung &#8222;Rechtsanwalt&#8220; wurde in der Bundesrepublik Deutschland gem\u00e4ss bundesdeutscher Rechtsnormen vom Justizministerium des Landes Baden-W\u00fcrttemberg nach bestandener zweiter juristischer Staatspr\u00fcfung und besonderem Zulassungsverfahren zuerkannt.<\/p>\n<p style=\"text-align: justify;\">Berufsrechtliche Regelungen sind die Bundesrechtsanwaltsordnung (BRAO), die Berufsordnung (BORA), das Gesetz \u00fcber die Verg\u00fctung der Rechtsanw\u00e4ltinnen und Rechtsanw\u00e4lte (Rechtsanwaltsverg\u00fctungsgesetz &#8211; RVG), die Bundesrechtsanwaltsgeb\u00fchrenordnung (BRAGO) und die Fachanwaltsordnung (FAO), nachzulesen \u00fcber die Homepage der Bundesrechtsanwaltskammer: <span style=\"color: #007272;\"><a style=\"color: #007272;\" href=\"https:\/\/www.brak.de\/fuer-anwaelte\/berufsrecht\/\" target=\"_blank\" rel=\"noopener\">www.brak.de<\/a><\/span><\/p>\n<h5 style=\"text-align: justify;\"><span style=\"color: #007272;\">Angaben zur Berufshaftpflichtversicherung:<\/span><\/h5>\n<p style=\"text-align: justify;\">Name und Sitz der Gesellschaft:<br \/>\nN\u00fcrnberger Allgemeine Versicherung AG, Ostendstra\u00dfe 100, 90334 N\u00fcrnberg<br \/>\nTelefon 0911 531-5<br \/>\nFax 0911 531-3206<br \/>\nE-Mail: <a href=\"mailto:info@nuernberger.de\"><span style=\"color: #007272;\">info@nuernberger.de<\/span><\/a><br \/>\nwww.nuernberger.de<\/p>\n<p>&nbsp;<\/p>\n<h4 style=\"text-align: justify;\"><span class=\"S5\"><span style=\"color: #007272;\">Haftungsausschlu\u00df &amp; Copyright<\/span><\/span><\/h4>\n<p style=\"text-align: justify;\"><span style=\"color: #007272;\"><strong>Haftung f\u00fcr Inhalte <\/strong><\/span><br \/>\nAls Diensteanbieter sind wir gem\u00e4\u00df \u00a7 7 Abs.1 TMG f\u00fcr eigene Inhalte auf diesen Seiten nach den allgemeinen Gesetzen verantwortlich. Nach \u00a7\u00a7 8 bis 10 TMG sind wir als Diensteanbieter jedoch nicht verpflichtet, \u00fcbermittelte oder gespeicherte fremde Informationen zu \u00fcberwachen oder nach Umst\u00e4nden zu forschen, die auf eine rechtswidrige T\u00e4tigkeit hinweisen.<br \/>\nVerpflichtungen zur Entfernung oder Sperrung der Nutzung von Informationen nach den allgemeinen Gesetzen bleiben hiervon unber\u00fchrt. Eine diesbez\u00fcgliche Haftung ist jedoch erst ab dem Zeitpunkt der Kenntnis einer konkreten Rechtsverletzung m\u00f6glich. Bei Bekanntwerden von entsprechenden Rechtsverletzungen werden wir diese Inhalte umgehend entfernen.<\/p>\n<p style=\"text-align: justify;\"><span style=\"color: #007272;\"><strong>Haftung f\u00fcr Links<br \/>\n<\/strong><\/span>Unser Angebot enth\u00e4lt Links zu externen Webseiten Dritter, auf deren Inhalte wir keinen Einfluss haben. Deshalb k\u00f6nnen wir f\u00fcr diese fremden Inhalte auch keine Gew\u00e4hr \u00fcbernehmen. F\u00fcr die Inhalte der verlinkten Seiten ist stets der jeweilige Anbieter oder Betreiber der Seiten verantwortlich. Die verlinkten Seiten wurden zum Zeitpunkt der Verlinkung auf m\u00f6gliche Rechtsverst\u00f6\u00dfe \u00fcberpr\u00fcft. Rechtswidrige Inhalte waren zum Zeitpunkt der Verlinkung nicht erkennbar.<br \/>\nEine permanente inhaltliche Kontrolle der verlinkten Seiten ist jedoch ohne konkrete Anhaltspunkte einer Rechtsverletzung nicht zumutbar. Bei Bekanntwerden von Rechtsverletzungen werden wir derartige Links umgehend entfernen.<\/p>\n<p style=\"text-align: justify;\"><span style=\"color: #007272;\"><strong>Urheberrecht <\/strong><\/span><br \/>\nDie durch die Seitenbetreiber erstellten Inhalte und Werke auf diesen Seiten unterliegen dem deutschen Urheberrecht. Die Vervielf\u00e4ltigung, Bearbeitung, Verbreitung und jede Art der Verwertung au\u00dferhalb der Grenzen des Urheberrechtes bed\u00fcrfen der schriftlichen Zustimmung des jeweiligen Autors bzw. Erstellers. Downloads und Kopien dieser Seite sind nur f\u00fcr den privaten, nicht kommerziellen Gebrauch gestattet.<br \/>\nSoweit die Inhalte auf dieser Seite nicht vom Betreiber erstellt wurden, werden die Urheberrechte Dritter beachtet. Insbesondere werden Inhalte Dritter als solche gekennzeichnet. Sollten Sie trotzdem auf eine Urheberrechtsverletzung aufmerksam werden, bitten wir um einen entsprechenden Hinweis. Bei Bekanntwerden von Rechtsverletzungen werden wir derartige Inhalte umgehend entfernen.<\/p>\n<p style=\"text-align: justify;\"><span style=\"color: #007272;\"><strong>Widerspruch gegen Werbe-Mails, Telefonmarketing etc.<\/strong><\/span><br \/>\nDer Nutzung von im Rahmen der Impressumspflicht ver\u00f6ffentlichten Kontaktdaten zur \u00dcbermitttlung von nicht ausdr\u00fccklich angeforderter Werbung und Informationsmaterialien wird hiermit widersprochen. Der Betreiber der Seiten beh\u00e4lt sich ausdr\u00fccklich rechtliche Schritte im Falle der unverlangten \u00dcbermittlung von Werbeinformationen, etwa durch Spam-E-Mails, Telefax und telefonische Angebote vor.<\/p>\n<p style=\"text-align: justify;\">Diese Internetseiten bieten Ihnen Informationen, die regelm\u00e4\u00dfig aktualisiert werden. Sie k\u00f6nnen diese Informationen speichern und Verkn\u00fcpfungen zu unseren Seiten einrichten. Bei Verlinkung von kommerziellen Anbietern m\u00fcssen die Seiten von RA Schmieder alleiniger Bestandteil des Navigator-Fensters sein.<\/p>\n<p style=\"text-align: justify;\">Die Informationen d\u00fcrfen nicht ver\u00e4ndert oder verf\u00e4lscht werden. Bez\u00fcglich des Inhaltes der eigenen Seiten ist die Haftung f\u00fcr die Aktualit\u00e4t, Vollst\u00e4ndigkeit oder Qualit\u00e4t ausgeschlossen. Alle kostenfreien Angebote sind unverbindlich. RA Schmieder beh\u00e4lt es sich vor, jederzeit ohne vorherige Ank\u00fcndigung das Angebot zu ver\u00e4ndern, zu erg\u00e4nzen, zu l\u00f6schen oder die Ver\u00f6ffentlichung einzustellen. Das Layout der Homepage, die verwendeten Grafiken sowie die sonstigen Inhalte sind urheberrechtlich gesch\u00fctzt. Alle Rechte vorbehalten.<\/p>\n<h5><img decoding=\"async\" src=\"https:\/\/i0.wp.com\/www.ra-schmieder.de\/media\/t1x1.gif?resize=30%2C14\" width=\"30 px\" height=\"14 px\" data-recalc-dims=\"1\"><br \/>\n<span style=\"color: #007272;\">Links auf Internet &#8211; Seiten Dritter<\/span><\/h5>\n<p>Die ver\u00f6ffentlichten Links werden mit gr\u00f6\u00dftm\u00f6glicher Sorgfalt recherchiert und zusammengestellt.<br \/>\nRA Schmieder hat keinen Einfluss auf die aktuelle und zuk\u00fcnftige Gestaltung und Inhalte der verlinkten Seiten.<\/p>\n<p>RA Schmieder ist nicht f\u00fcr den Inhalt der verkn\u00fcpften Seiten verantwortlich und macht sich deren Inhalt nicht zu eigen. F\u00fcr illegale, fehlerhafte oder unvollst\u00e4ndige Inhalte sowie f\u00fcr Sch\u00e4den, die durch die Nutzung oder Nichtnutzung der Informationen entstehen, haftet allein der Anbieter der Web-Site, auf die verwiesen wurde. Die Haftung desjenigen, der lediglich auf die Ver\u00f6ffentlichung durch einen Link hinweist, ist ausgeschlossen.<\/p>\n<p>F\u00fcr fremde Hinweise ist RA Schmieder nur dann verantwortlich, wenn er von ihnen, d.h. auch von einem eventuellen rechtswidrigen bzw. strafbaren Inahlt, positive Kenntnis hat, und es technisch m\u00f6glich und zumutbar ist, deren Nutzung zu verhindern.<\/p>\n<h5><span style=\"color: #007272;\"><strong>Widerspruch Werbe-Mails<\/strong><\/span><\/h5>\n<p style=\"text-align: justify;\">Der Nutzung von im Rahmen der Impressumspflicht ver\u00f6ffentlichten Kontaktdaten zur \u00dcbersendung von nicht ausdr\u00fccklich angeforderter Werbung und Informationsmaterialien wird hiermit widersprochen. Die Betreiber der Seiten behalten sich ausdr\u00fccklich rechtliche Schritte im Falle der unverlangten Zusendung von Werbeinformationen, etwa durch Spam-E-Mails, vor.<\/p>\n<p>&nbsp;<\/p>\n<p>&nbsp;<\/p>\n<p>&nbsp;<\/p>\n","protected":false},"excerpt":{"rendered":"<p class=\"excerpt\">Angaben gem\u00e4\u00df \u00a7 5 TMG und \u00a7 55 Abs. 2 RStV Pers\u00f6nlich verantwortlich f\u00fcr diese Homepage ist Rechtsanwalt Karsten Schmieder Marktplatz 6, 78549 Spaichingen Tel. 07424 \/ 502960 Fax 07424 \/ 502962 E-Mail: mail@ra-schmieder.de USt ID Nr.:DE225432424 Aufsichtsbeh\u00f6rde: Rechtsanwalt Karsten Schmieder ist Mitglied der Rechtsanwaltskammer T\u00fcbingen Christophstr. 30, 72072 T\u00fcbingen, Tel. 07071 \/ 7936910 Die Berufsbezeichnung &#8222;Rechtsanwalt&#8220; wurde in der&hellip;<\/p>\n<p class=\"more-link-p\"><a class=\"btn btn-default\" href=\"https:\/\/ra-schmieder.de\/?page_id=40\">Read more<\/a><\/p>\n","protected":false},"author":1,"featured_media":0,"parent":0,"menu_order":0,"comment_status":"closed","ping_status":"closed","template":"","meta":{"footnotes":""},"class_list":["post-40","page","type-page","status-publish","hentry"],"_links":{"self":[{"href":"https:\/\/ra-schmieder.de\/index.php?rest_route=\/wp\/v2\/pages\/40","targetHints":{"allow":["GET"]}}],"collection":[{"href":"https:\/\/ra-schmieder.de\/index.php?rest_route=\/wp\/v2\/pages"}],"about":[{"href":"https:\/\/ra-schmieder.de\/index.php?rest_route=\/wp\/v2\/types\/page"}],"author":[{"embeddable":true,"href":"https:\/\/ra-schmieder.de\/index.php?rest_route=\/wp\/v2\/users\/1"}],"replies":[{"embeddable":true,"href":"https:\/\/ra-schmieder.de\/index.php?rest_route=%2Fwp%2Fv2%2Fcomments&post=40"}],"version-history":[{"count":12,"href":"https:\/\/ra-schmieder.de\/index.php?rest_route=\/wp\/v2\/pages\/40\/revisions"}],"predecessor-version":[{"id":381,"href":"https:\/\/ra-schmieder.de\/index.php?rest_route=\/wp\/v2\/pages\/40\/revisions\/381"}],"wp:attachment":[{"href":"https:\/\/ra-schmieder.de\/index.php?rest_route=%2Fwp%2Fv2%2Fmedia&parent=40"}],"curies":[{"name":"wp","href":"https:\/\/api.w.org\/{rel}","templated":true}]}}