{"id":109,"date":"2016-11-01T20:12:52","date_gmt":"2016-11-01T19:12:52","guid":{"rendered":"http:\/\/baurecht.ra-schmieder.de\/?page_id=109"},"modified":"2021-10-03T11:52:07","modified_gmt":"2021-10-03T09:52:07","slug":"109-2","status":"publish","type":"page","link":"https:\/\/ra-schmieder.de\/","title":{"rendered":""},"content":{"rendered":"<h3><span style=\"color: #000000;\">Es gibt zwei Wege, einen Streit zu beenden: <\/span><br \/>\n<span style=\"color: #000000;\">Die friedliche Er\u00f6rterung oder die Gewalt; das letztere Mittel ist das der wilden Tiere, das erstere ziemt sich f\u00fcr vern\u00fcnftige Wesen.<\/span><\/h3>\n<h6><span style=\"color: #000000;\">Marcus Tullius Cicero (106 &#8211; 43 v. Chr.), r\u00f6mischer <\/span><span style=\"color: #000000;\">Anwalt, <\/span><span style=\"color: #000000;\">Politiker, Schriftsteller und Philosoph,<\/span><\/h6>\n<p>&#8222;Die friedliche Er\u00f6rterung&#8220; von Streitigkeiten &#8211; notfalls unter Zuhilfenahme der Gerichte &#8211; hat sich in den europ\u00e4ischen Rechtsordnungen seit den Zeiten des r\u00f6mischen Rechts bew\u00e4hrt.<\/p>\n<p>In dieser Tradition sehen wir unsere T\u00e4tigkeit bei der Durchsetzung Ihrer Interessen. Vorrang hat zun\u00e4chst stets der Dialog mit der andern Seite. F\u00fchrt dieser nicht zum gew\u00fcnschten Ergebnis, wird allerdings der Weg zum Gericht unausweichlich.<\/p>\n<div id=\"X3_1\" class=\"xdiv\">\n<div>\n<p><span style=\"color: #000000;\">RECHTSANWALTSKANZLEI<\/span><\/p>\n<h1><span style=\"color: #007272;\">SCHMIEDER<\/span><\/h1>\n<p>Marktplatz 6<br \/>\n78549 Spaichingen<\/p>\n<p><span style=\"color: #007272;\"><a style=\"color: #007272;\" href=\"mailto:mail@ra-schmieder.de\">mail @ <span style=\"color: #007272;\">ra-schmieder.de<\/span><\/a><\/span><\/p>\n<p>Telefon: 07424 &#8211; 50 29 60<br \/>\nTelefax: 07424 &#8211; 50 29 62<\/p>\n<\/div>\n<\/div>\n","protected":false},"excerpt":{"rendered":"<p class=\"excerpt\">Es gibt zwei Wege, einen Streit zu beenden: Die friedliche Er\u00f6rterung oder die Gewalt; das letztere Mittel ist das der wilden Tiere, das erstere ziemt sich f\u00fcr vern\u00fcnftige Wesen. Marcus Tullius Cicero (106 &#8211; 43 v. Chr.), r\u00f6mischer Anwalt, Politiker, Schriftsteller und Philosoph, &#8222;Die friedliche Er\u00f6rterung&#8220; von Streitigkeiten &#8211; notfalls unter Zuhilfenahme der Gerichte &#8211; hat sich in den europ\u00e4ischen&hellip;<\/p>\n<p class=\"more-link-p\"><a class=\"btn btn-default\" href=\"https:\/\/ra-schmieder.de\/\">Read more<\/a><\/p>\n","protected":false},"author":1,"featured_media":0,"parent":0,"menu_order":0,"comment_status":"closed","ping_status":"closed","template":"","meta":{"footnotes":""},"class_list":["post-109","page","type-page","status-publish","hentry"],"_links":{"self":[{"href":"https:\/\/ra-schmieder.de\/index.php?rest_route=\/wp\/v2\/pages\/109","targetHints":{"allow":["GET"]}}],"collection":[{"href":"https:\/\/ra-schmieder.de\/index.php?rest_route=\/wp\/v2\/pages"}],"about":[{"href":"https:\/\/ra-schmieder.de\/index.php?rest_route=\/wp\/v2\/types\/page"}],"author":[{"embeddable":true,"href":"https:\/\/ra-schmieder.de\/index.php?rest_route=\/wp\/v2\/users\/1"}],"replies":[{"embeddable":true,"href":"https:\/\/ra-schmieder.de\/index.php?rest_route=%2Fwp%2Fv2%2Fcomments&post=109"}],"version-history":[{"count":29,"href":"https:\/\/ra-schmieder.de\/index.php?rest_route=\/wp\/v2\/pages\/109\/revisions"}],"predecessor-version":[{"id":386,"href":"https:\/\/ra-schmieder.de\/index.php?rest_route=\/wp\/v2\/pages\/109\/revisions\/386"}],"wp:attachment":[{"href":"https:\/\/ra-schmieder.de\/index.php?rest_route=%2Fwp%2Fv2%2Fmedia&parent=109"}],"curies":[{"name":"wp","href":"https:\/\/api.w.org\/{rel}","templated":true}]}}