{"id":105,"date":"2016-11-01T19:55:23","date_gmt":"2016-11-01T18:55:23","guid":{"rendered":"http:\/\/baurecht.ra-schmieder.de\/?page_id=105"},"modified":"2021-10-03T12:03:49","modified_gmt":"2021-10-03T10:03:49","slug":"aktuelles","status":"publish","type":"page","link":"https:\/\/ra-schmieder.de\/?page_id=105","title":{"rendered":"Aktuelles"},"content":{"rendered":"\n<p><\/p>\n\n\n\n<p><\/p>\n\n\n\n<p><\/p>\n\n\n<div id=\"X3_3\" class=\"xdiv\">\n<div>\n<h2 style=\"text-align: justify;\" align=\"left\"><span class=\"S5\"><span style=\"color: #007272;\">Aktuelles zur Rechtsprechung und Gesetzgebung<\/span><\/span><\/h2>\n<h2 style=\"text-align: justify;\" align=\"left\"><span class=\"S5\">&nbsp;<\/span><\/h2>\n<p>Vorsicht vor gro\u00dfen Gewinnen ohne Risiko!\n<\/p>\n<p style=\"text-align: justify;\" align=\"justify\"><span class=\"S6\">Der massive Vertrauensverlust gegen\u00fcber Banken und Beratern verschafft Kapitalanlagebetr\u00fcgern nach wie vor reichlich Zulauf. Oft lassen sich Anleger durch die vom Berater versprochenen h\u00f6heren Zinsen oder Gewinne blenden und vernachl\u00e4ssigen dabei das Risiko. Auch angebliche Steuervorteile einer Anlage sollten den Blick auf die Realit\u00e4ten des Gesch\u00e4ftes nicht verschleiern.<\/span><\/p>\n<p style=\"text-align: justify;\" align=\"justify\"><span class=\"S6\">Bei einer Kapitalanlage ist stets zu bedenken, dass Chancen auf hohe Gewinne immer auch mit einem entsprechend hohen Risiko verbunden sind. Manches Verm\u00f6gensaufbauprogramm, Steuersparmodell und manche Steuerspar-Immobilie hat sich schon als Flop, Zuschussgesch\u00e4ft oder gar Totalverlust erwiesen. Viele Anleger haben durch derartige Gesch\u00e4fte Haus \u2013 und Hof verloren oder landeten in der Insolvenz. Ein jahrelanges Leben am Rande des Existenzminimums folgte bei vielen dem Traum vom gro\u00dfen Geld. <\/span><\/p>\n<p style=\"text-align: justify;\" align=\"justify\"><span class=\"S6\">Selbstverst\u00e4ndlich wollen die Anbieter und Vermittler nur das Beste der Anleger, n\u00e4mlich deren Geld. Bei der Anlage gr\u00f6\u00dferer Summen oder dem Kauf einer Immobilie sollten Sie sich daher nicht nur auf die Beratung durch &nbsp;Vermittler &#8211; oft genug eine eigentlich wildfremde Person &#8211; oder &nbsp;Bekannte verlassen, sondern sich Bedenkzeit erbitten und vor Vertragsschluss unabh\u00e4ngigen Rat einholen.&nbsp; <\/span><\/p>\n<p style=\"text-align: justify;\" align=\"justify\"><span class=\"S6\">Seien Sie misstrauisch und lassen Sie sich auf gar keinen Fall unter Zeitdruck setzen. Ein seri\u00f6ser Anbieter wird immer daf\u00fcr Verst\u00e4ndnis haben, dass Sie eine angemessene Bedenkzeit ben\u00f6tigen. Eine Beratung durch einen Rechtsanwalt vor Abschlu\u00df eines Vertrages ist wesentlich billiger als der Verlust des Kapitals, ein sp\u00e4terer Prozess zur R\u00fcckabwicklung des Gesch\u00e4ftes oder gar zur Geltendmachung von Schadenersatzanspr\u00fcchen.&nbsp; <\/span><\/p>\n<p style=\"text-align: justify;\" align=\"justify\"><span class=\"S6\">Wurden Sie bereits um Ihr Geld gebracht sollten Sie sich \u00fcber die M\u00f6glichkeiten der R\u00fcckabwicklung des Vertrages oder Geltendmachung von Schadenersatzanspr\u00fcchen gegen die verscheidenen Beteiligten einschlie\u00dflich des Vermittlers informieren.<\/span><\/p>\n<p><span style=\"color: #007272;\">Hier hilft Ihnen der Anwalt.<\/span><\/p>\n<\/div>\n<\/div>","protected":false},"excerpt":{"rendered":"<p class=\"excerpt\">Aktuelles zur Rechtsprechung und Gesetzgebung &nbsp; Vorsicht vor gro\u00dfen Gewinnen ohne Risiko! Der massive Vertrauensverlust gegen\u00fcber Banken und Beratern verschafft Kapitalanlagebetr\u00fcgern nach wie vor reichlich Zulauf. Oft lassen sich Anleger durch die vom Berater versprochenen h\u00f6heren Zinsen oder Gewinne blenden und vernachl\u00e4ssigen dabei das Risiko. Auch angebliche Steuervorteile einer Anlage sollten den Blick auf die Realit\u00e4ten des Gesch\u00e4ftes nicht verschleiern.&hellip;<\/p>\n<p class=\"more-link-p\"><a class=\"btn btn-default\" href=\"https:\/\/ra-schmieder.de\/?page_id=105\">Read more<\/a><\/p>\n","protected":false},"author":1,"featured_media":0,"parent":0,"menu_order":0,"comment_status":"closed","ping_status":"closed","template":"","meta":{"footnotes":""},"class_list":["post-105","page","type-page","status-publish","hentry"],"_links":{"self":[{"href":"https:\/\/ra-schmieder.de\/index.php?rest_route=\/wp\/v2\/pages\/105","targetHints":{"allow":["GET"]}}],"collection":[{"href":"https:\/\/ra-schmieder.de\/index.php?rest_route=\/wp\/v2\/pages"}],"about":[{"href":"https:\/\/ra-schmieder.de\/index.php?rest_route=\/wp\/v2\/types\/page"}],"author":[{"embeddable":true,"href":"https:\/\/ra-schmieder.de\/index.php?rest_route=\/wp\/v2\/users\/1"}],"replies":[{"embeddable":true,"href":"https:\/\/ra-schmieder.de\/index.php?rest_route=%2Fwp%2Fv2%2Fcomments&post=105"}],"version-history":[{"count":13,"href":"https:\/\/ra-schmieder.de\/index.php?rest_route=\/wp\/v2\/pages\/105\/revisions"}],"predecessor-version":[{"id":374,"href":"https:\/\/ra-schmieder.de\/index.php?rest_route=\/wp\/v2\/pages\/105\/revisions\/374"}],"wp:attachment":[{"href":"https:\/\/ra-schmieder.de\/index.php?rest_route=%2Fwp%2Fv2%2Fmedia&parent=105"}],"curies":[{"name":"wp","href":"https:\/\/api.w.org\/{rel}","templated":true}]}}